{"id":9380,"date":"2023-09-07T16:26:44","date_gmt":"2023-09-07T14:26:44","guid":{"rendered":"https:\/\/multitel.webmaegisto.com\/eventi-2024\/"},"modified":"2023-09-07T17:13:35","modified_gmt":"2023-09-07T15:13:35","slug":"eventi-2024","status":"publish","type":"page","link":"https:\/\/multitel.webmaegisto.com\/de\/eventi-2024\/","title":{"rendered":"VERANSTALTUNGEN 2024"},"content":{"rendered":"\t\t<div data-elementor-type=\"wp-page\" data-elementor-id=\"9380\" class=\"elementor elementor-9380 elementor-9314\" data-elementor-post-type=\"page\">\n\t\t\t\t\t\t<section class=\"elementor-section elementor-top-section elementor-element elementor-element-d1db714 elementor-section-full_width elementor-section-height-min-height elementor-hidden-tablet elementor-hidden-mobile elementor-section-height-default elementor-section-items-middle\" data-id=\"d1db714\" data-element_type=\"section\" data-settings=\"{&quot;jet_parallax_layout_list&quot;:[],&quot;background_background&quot;:&quot;classic&quot;}\">\n\t\t\t\t\t\t<div class=\"elementor-container elementor-column-gap-default\">\n\t\t\t\t\t<div class=\"elementor-column elementor-col-33 elementor-top-column elementor-element elementor-element-d8d55fd\" data-id=\"d8d55fd\" data-element_type=\"column\">\n\t\t\t<div class=\"elementor-widget-wrap elementor-element-populated\">\n\t\t\t\t\t\t<div class=\"elementor-element elementor-element-b8eeb97 elementor-hidden-tablet elementor-hidden-mobile elementor-widget elementor-widget-text-editor\" data-id=\"b8eeb97\" data-element_type=\"widget\" data-widget_type=\"text-editor.default\">\n\t\t\t\t<div class=\"elementor-widget-container\">\n\t\t\t<style>\/*! elementor - v3.23.0 - 05-08-2024 *\/\n.elementor-widget-text-editor.elementor-drop-cap-view-stacked .elementor-drop-cap{background-color:#69727d;color:#fff}.elementor-widget-text-editor.elementor-drop-cap-view-framed .elementor-drop-cap{color:#69727d;border:3px solid;background-color:transparent}.elementor-widget-text-editor:not(.elementor-drop-cap-view-default) .elementor-drop-cap{margin-top:8px}.elementor-widget-text-editor:not(.elementor-drop-cap-view-default) .elementor-drop-cap-letter{width:1em;height:1em}.elementor-widget-text-editor .elementor-drop-cap{float:left;text-align:center;line-height:1;font-size:50px}.elementor-widget-text-editor .elementor-drop-cap-letter{display:inline-block}<\/style>\t\t\t\t<p>Multitel Pagliero nimmt regelm\u00e4\u00dfig an den wichtigsten Messen,<strong>\u00a0Veranstaltungen und nationalen und internationalen Kongressen teil.<\/strong>\u00a0Es handelt sich um wichtige Gelegenheiten, um den Kunden neue Produkte und Technologien vorzustellen und mit den eigenen Erfahrungen zum Wachstum der Hubarbeitsb\u00fchnenbranche beizutragen.<\/p>\t\t\t\t\t\t<\/div>\n\t\t\t\t<\/div>\n\t\t\t\t\t<\/div>\n\t\t<\/div>\n\t\t\t\t<div class=\"elementor-column elementor-col-66 elementor-top-column elementor-element elementor-element-c0f4dd8\" data-id=\"c0f4dd8\" data-element_type=\"column\">\n\t\t\t<div class=\"elementor-widget-wrap\">\n\t\t\t\t\t\t\t<\/div>\n\t\t<\/div>\n\t\t\t\t\t<\/div>\n\t\t<\/section>\n\t\t\t\t<section class=\"elementor-section elementor-top-section elementor-element elementor-element-c6763f4 elementor-section-full_width elementor-section-height-min-height elementor-hidden-desktop elementor-section-height-default elementor-section-items-middle\" data-id=\"c6763f4\" data-element_type=\"section\" data-settings=\"{&quot;jet_parallax_layout_list&quot;:[],&quot;background_background&quot;:&quot;classic&quot;}\">\n\t\t\t\t\t\t<div class=\"elementor-container elementor-column-gap-default\">\n\t\t\t\t\t<div class=\"elementor-column elementor-col-100 elementor-top-column elementor-element elementor-element-5a158a3\" data-id=\"5a158a3\" data-element_type=\"column\">\n\t\t\t<div class=\"elementor-widget-wrap elementor-element-populated\">\n\t\t\t\t\t\t<div class=\"elementor-element elementor-element-5055e9d elementor-widget elementor-widget-text-editor\" data-id=\"5055e9d\" data-element_type=\"widget\" data-widget_type=\"text-editor.default\">\n\t\t\t\t<div class=\"elementor-widget-container\">\n\t\t\t\t\t\t\t<p class=\"MsoNormal\"><span style=\"font-family: Barlow;\">Multitel Pagliero nimmt regelm\u00e4\u00dfig an den wichtigsten Messen,<strong>\u00a0Veranstaltungen und nationalen und internationalen Kongressen teil.<\/strong>\u00a0Es handelt sich um wichtige Gelegenheiten, um den Kunden neue Produkte und Technologien vorzustellen und mit den eigenen Erfahrungen zum Wachstum der Hubarbeitsb\u00fchnenbranche beizutragen.<\/span><\/p>\t\t\t\t\t\t<\/div>\n\t\t\t\t<\/div>\n\t\t\t\t\t<\/div>\n\t\t<\/div>\n\t\t\t\t\t<\/div>\n\t\t<\/section>\n\t\t\t\t<section class=\"elementor-section elementor-top-section elementor-element elementor-element-1ae6552 elementor-section-full_width elementor-section-height-default elementor-section-height-default\" data-id=\"1ae6552\" data-element_type=\"section\" data-settings=\"{&quot;jet_parallax_layout_list&quot;:[],&quot;background_background&quot;:&quot;classic&quot;}\">\n\t\t\t\t\t\t<div class=\"elementor-container elementor-column-gap-default\">\n\t\t\t\t\t<div class=\"elementor-column elementor-col-100 elementor-top-column elementor-element elementor-element-7f47001\" data-id=\"7f47001\" data-element_type=\"column\">\n\t\t\t<div class=\"elementor-widget-wrap elementor-element-populated\">\n\t\t\t\t\t\t<div class=\"elementor-element elementor-element-ce66a97 brd elementor-widget elementor-widget-global elementor-global-483 elementor-widget-shortcode\" data-id=\"ce66a97\" data-element_type=\"widget\" data-widget_type=\"shortcode.default\">\n\t\t\t\t<div class=\"elementor-widget-container\">\n\t\t\t\t\t<div class=\"elementor-shortcode\"><nav aria-label=\"breadcrumbs\" class=\"rank-math-breadcrumb\"><p><span class=\"last\">Home<\/span><\/p><\/nav><\/div>\n\t\t\t\t<\/div>\n\t\t\t\t<\/div>\n\t\t\t\t\t<\/div>\n\t\t<\/div>\n\t\t\t\t\t<\/div>\n\t\t<\/section>\n\t\t<div class=\"elementor-element elementor-element-962581f e-flex e-con-boxed e-con e-parent\" data-id=\"962581f\" data-element_type=\"container\" data-settings=\"{&quot;jet_parallax_layout_list&quot;:[]}\">\n\t\t\t\t\t<div class=\"e-con-inner\">\n\t\t\t\t<div class=\"elementor-element elementor-element-0cb5f40 elementor-nav-menu__align-center elementor-nav-menu--dropdown-none elementor-widget elementor-widget-nav-menu\" data-id=\"0cb5f40\" data-element_type=\"widget\" data-settings=\"{&quot;submenu_icon&quot;:{&quot;value&quot;:&quot;&lt;i class=\\&quot;fas fa-angle-down\\&quot;&gt;&lt;\\\/i&gt;&quot;,&quot;library&quot;:&quot;fa-solid&quot;},&quot;layout&quot;:&quot;horizontal&quot;}\" data-widget_type=\"nav-menu.default\">\n\t\t\t\t<div class=\"elementor-widget-container\">\n\t\t\t<link rel=\"stylesheet\" href=\"https:\/\/multitel.webmaegisto.com\/wp-content\/plugins\/elementor-pro\/assets\/css\/widget-nav-menu.min.css\">\t\t\t<nav aria-label=\"Men\u00fc\" class=\"elementor-nav-menu--main elementor-nav-menu__container elementor-nav-menu--layout-horizontal e--pointer-none\">\n\t\t\t\t<ul id=\"menu-1-0cb5f40\" class=\"elementor-nav-menu\"><li class=\"menu-item menu-item-type-post_type menu-item-object-page menu-item-9356\"><a href=\"https:\/\/multitel.webmaegisto.com\/eventi-2023\/\" class=\"elementor-item\">VERANSTALTUNGEN 2023<\/a><\/li>\n<li class=\"menu-item menu-item-type-post_type menu-item-object-page menu-item-9355\"><a href=\"https:\/\/multitel.webmaegisto.com\/eventi-2024\/\" class=\"elementor-item\">VERANSTALTUNGEN 2024<\/a><\/li>\n<\/ul>\t\t\t<\/nav>\n\t\t\t\t\t\t<nav class=\"elementor-nav-menu--dropdown elementor-nav-menu__container\" aria-hidden=\"true\">\n\t\t\t\t<ul id=\"menu-2-0cb5f40\" class=\"elementor-nav-menu\"><li class=\"menu-item menu-item-type-post_type menu-item-object-page menu-item-9356\"><a href=\"https:\/\/multitel.webmaegisto.com\/eventi-2023\/\" class=\"elementor-item\" tabindex=\"-1\">VERANSTALTUNGEN 2023<\/a><\/li>\n<li class=\"menu-item menu-item-type-post_type menu-item-object-page menu-item-9355\"><a href=\"https:\/\/multitel.webmaegisto.com\/eventi-2024\/\" class=\"elementor-item\" tabindex=\"-1\">VERANSTALTUNGEN 2024<\/a><\/li>\n<\/ul>\t\t\t<\/nav>\n\t\t\t\t<\/div>\n\t\t\t\t<\/div>\n\t\t\t\t\t<\/div>\n\t\t\t\t<\/div>\n\t\t<div class=\"elementor-element elementor-element-f592b45 e-flex e-con-boxed e-con e-parent\" data-id=\"f592b45\" data-element_type=\"container\" data-settings=\"{&quot;jet_parallax_layout_list&quot;:[]}\">\n\t\t\t\t\t<div class=\"e-con-inner\">\n\t\t<div class=\"elementor-element elementor-element-317e77e e-con-full e-flex e-con e-parent\" data-id=\"317e77e\" data-element_type=\"container\" data-settings=\"{&quot;jet_parallax_layout_list&quot;:[]}\">\n\t\t\t\t<div class=\"elementor-element elementor-element-6803e8e elementor-widget elementor-widget-jet-portfolio\" data-id=\"6803e8e\" data-element_type=\"widget\" data-settings=\"{&quot;columns_mobile&quot;:&quot;1&quot;,&quot;columns&quot;:3}\" data-widget_type=\"jet-portfolio.default\">\n\t\t\t\t<div class=\"elementor-widget-container\">\n\t\t\t<div class=\"elementor-jet-portfolio jet-elements\">\n<div class=\"jet-portfolio layout-type-masonry preset-type-2 layout-desktop-column-3  layout-mobile-column-1\" data-settings=\"{&quot;layoutType&quot;:&quot;masonry&quot;,&quot;perPage&quot;:6}\"><div class=\"jet-portfolio__list\"><article class=\"jet-portfolio__item visible-status\" data-slug=\"{&quot;0&quot;:&quot;all&quot;}\">\n\t<div class=\"jet-portfolio__inner\">\n\t\t<a class=\"jet-portfolio__link \" target=\"_blank\" rel=\"nofollow noopener\" href=\"https:\/\/www.dlr.fr\/\">\n\t\t\t<div class=\"jet-portfolio__image\">\n\t\t\t\t<img loading=\"lazy\" decoding=\"async\" class=\"jet-portfolio__image-instance\" src=\"https:\/\/multitel.webmaegisto.com\/wp-content\/uploads\/2023\/04\/DLR.jpg\" width=\"640\" height=\"480\"  alt=\"DLR\" loading=\"lazy\">\t\t\t\t<div class=\"jet-portfolio__image-loader\"><span><\/span><\/div>\n\n\t\t\t\t\t\t\t\t\t<div class=\"jet-portfolio__cover\"><\/div>\n\t\t\t\t\t\t\t<\/div>\n\t\t<\/a>\n\t\t<div class=\"jet-portfolio__content\">\n\t\t\t<div class=\"jet-portfolio__content-inner\"><h4 class=\"jet-portfolio__title\">DRL<\/h4><p class=\"jet-portfolio__desc\">Reims<\/p><\/div>\n\t\t<\/div>\n\t<\/div>\n<\/article><\/div><\/div>\n<\/div>\t\t<\/div>\n\t\t\t\t<\/div>\n\t\t\t\t<\/div>\n\t\t<div class=\"elementor-element elementor-element-40c319a e-con-full e-flex e-con e-parent\" data-id=\"40c319a\" data-element_type=\"container\" data-settings=\"{&quot;jet_parallax_layout_list&quot;:[]}\">\n\t\t\t\t<div class=\"elementor-element elementor-element-681abb9 elementor-widget elementor-widget-heading\" data-id=\"681abb9\" data-element_type=\"widget\" data-widget_type=\"heading.default\">\n\t\t\t\t<div class=\"elementor-widget-container\">\n\t\t\t<style>\/*! elementor - v3.23.0 - 05-08-2024 *\/\n.elementor-heading-title{padding:0;margin:0;line-height:1}.elementor-widget-heading .elementor-heading-title[class*=elementor-size-]>a{color:inherit;font-size:inherit;line-height:inherit}.elementor-widget-heading .elementor-heading-title.elementor-size-small{font-size:15px}.elementor-widget-heading .elementor-heading-title.elementor-size-medium{font-size:19px}.elementor-widget-heading .elementor-heading-title.elementor-size-large{font-size:29px}.elementor-widget-heading .elementor-heading-title.elementor-size-xl{font-size:39px}.elementor-widget-heading .elementor-heading-title.elementor-size-xxl{font-size:59px}<\/style><h2 class=\"elementor-heading-title elementor-size-default\">Q1<\/h2>\t\t<\/div>\n\t\t\t\t<\/div>\n\t\t\t\t<\/div>\n\t\t\t\t\t<\/div>\n\t\t\t\t<\/div>\n\t\t<div class=\"elementor-element elementor-element-b44f387 e-flex e-con-boxed e-con e-parent\" data-id=\"b44f387\" data-element_type=\"container\" data-settings=\"{&quot;background_background&quot;:&quot;classic&quot;,&quot;jet_parallax_layout_list&quot;:[]}\">\n\t\t\t\t\t<div class=\"e-con-inner\">\n\t\t<div class=\"elementor-element elementor-element-bc1bb90 e-con-full e-flex e-con e-parent\" data-id=\"bc1bb90\" data-element_type=\"container\" data-settings=\"{&quot;jet_parallax_layout_list&quot;:[]}\">\n\t\t\t\t<div class=\"elementor-element elementor-element-ce18c48 elementor-widget elementor-widget-jet-portfolio\" data-id=\"ce18c48\" data-element_type=\"widget\" data-settings=\"{&quot;columns_mobile&quot;:&quot;1&quot;,&quot;columns&quot;:3}\" data-widget_type=\"jet-portfolio.default\">\n\t\t\t\t<div class=\"elementor-widget-container\">\n\t\t\t<div class=\"elementor-jet-portfolio jet-elements\">\n<div class=\"jet-portfolio layout-type-masonry preset-type-2 layout-desktop-column-3  layout-mobile-column-1\" data-settings=\"{&quot;layoutType&quot;:&quot;masonry&quot;,&quot;perPage&quot;:6}\"><div class=\"jet-portfolio__list\"><article class=\"jet-portfolio__item visible-status\" data-slug=\"{&quot;0&quot;:&quot;all&quot;}\">\n\t<div class=\"jet-portfolio__inner\">\n\t\t<a class=\"jet-portfolio__link \" target=\"_blank\" rel=\"nofollow noopener\" href=\"https:\/\/www.intermatconstruction.com\/en\">\n\t\t\t<div class=\"jet-portfolio__image\">\n\t\t\t\t<img loading=\"lazy\" decoding=\"async\" class=\"jet-portfolio__image-instance\" src=\"https:\/\/multitel.webmaegisto.com\/wp-content\/uploads\/2023\/09\/intermat.jpg\" width=\"640\" height=\"480\"  alt=\"intermat\" loading=\"lazy\">\t\t\t\t<div class=\"jet-portfolio__image-loader\"><span><\/span><\/div>\n\n\t\t\t\t\t\t\t\t\t<div class=\"jet-portfolio__cover\"><\/div>\n\t\t\t\t\t\t\t<\/div>\n\t\t<\/a>\n\t\t<div class=\"jet-portfolio__content\">\n\t\t\t<div class=\"jet-portfolio__content-inner\"><h4 class=\"jet-portfolio__title\">INTERMAT 2024<\/h4><p class=\"jet-portfolio__desc\">Parigi<\/p><\/div>\n\t\t<\/div>\n\t<\/div>\n<\/article><article class=\"jet-portfolio__item visible-status\" data-slug=\"{&quot;0&quot;:&quot;all&quot;}\">\n\t<div class=\"jet-portfolio__inner\">\n\t\t<a class=\"jet-portfolio__link \" target=\"_blank\" rel=\"nofollow noopener\" href=\"https:\/\/vertikaldays.net\/\">\n\t\t\t<div class=\"jet-portfolio__image\">\n\t\t\t\t<img loading=\"lazy\" decoding=\"async\" class=\"jet-portfolio__image-instance\" src=\"https:\/\/multitel.webmaegisto.com\/wp-content\/uploads\/2023\/04\/vertikal.jpg\" width=\"640\" height=\"480\"  alt=\"vertikal\" loading=\"lazy\">\t\t\t\t<div class=\"jet-portfolio__image-loader\"><span><\/span><\/div>\n\n\t\t\t\t\t\t\t\t\t<div class=\"jet-portfolio__cover\"><\/div>\n\t\t\t\t\t\t\t<\/div>\n\t\t<\/a>\n\t\t<div class=\"jet-portfolio__content\">\n\t\t\t<div class=\"jet-portfolio__content-inner\"><h4 class=\"jet-portfolio__title\">Vertikal Days<\/h4><p class=\"jet-portfolio__desc\">Newark Showground<\/p><\/div>\n\t\t<\/div>\n\t<\/div>\n<\/article><\/div><\/div>\n<\/div>\t\t<\/div>\n\t\t\t\t<\/div>\n\t\t\t\t<\/div>\n\t\t<div class=\"elementor-element elementor-element-8fa0a0b e-con-full e-flex e-con e-parent\" data-id=\"8fa0a0b\" data-element_type=\"container\" data-settings=\"{&quot;jet_parallax_layout_list&quot;:[]}\">\n\t\t\t\t<div class=\"elementor-element elementor-element-0268c4b elementor-widget elementor-widget-heading\" data-id=\"0268c4b\" data-element_type=\"widget\" data-widget_type=\"heading.default\">\n\t\t\t\t<div class=\"elementor-widget-container\">\n\t\t\t<h2 class=\"elementor-heading-title elementor-size-default\">Q2<\/h2>\t\t<\/div>\n\t\t\t\t<\/div>\n\t\t\t\t<\/div>\n\t\t\t\t\t<\/div>\n\t\t\t\t<\/div>\n\t\t<div class=\"elementor-element elementor-element-b4e70ab e-flex e-con-boxed e-con e-parent\" data-id=\"b4e70ab\" data-element_type=\"container\" data-settings=\"{&quot;jet_parallax_layout_list&quot;:[]}\">\n\t\t\t\t\t<div class=\"e-con-inner\">\n\t\t<div class=\"elementor-element elementor-element-c2e0d93 e-con-full e-flex e-con e-parent\" data-id=\"c2e0d93\" data-element_type=\"container\" data-settings=\"{&quot;jet_parallax_layout_list&quot;:[]}\">\n\t\t\t\t<div class=\"elementor-element elementor-element-73ffce0 elementor-widget elementor-widget-jet-portfolio\" data-id=\"73ffce0\" data-element_type=\"widget\" data-settings=\"{&quot;columns_mobile&quot;:&quot;1&quot;,&quot;columns&quot;:3}\" data-widget_type=\"jet-portfolio.default\">\n\t\t\t\t<div class=\"elementor-widget-container\">\n\t\t\t<div class=\"elementor-jet-portfolio jet-elements\">\n<div class=\"jet-portfolio layout-type-masonry preset-type-2 layout-desktop-column-3  layout-mobile-column-1\" data-settings=\"{&quot;layoutType&quot;:&quot;masonry&quot;,&quot;perPage&quot;:6}\"><div class=\"jet-portfolio__list\"><article class=\"jet-portfolio__item visible-status\" data-slug=\"{&quot;0&quot;:&quot;all&quot;}\">\n\t<div class=\"jet-portfolio__inner\">\n\t\t<a class=\"jet-portfolio__link \" target=\"_blank\" rel=\"nofollow noopener\" href=\"https:\/\/jdlexpo.com\/\">\n\t\t\t<div class=\"jet-portfolio__image\">\n\t\t\t\t<img loading=\"lazy\" decoding=\"async\" class=\"jet-portfolio__image-instance\" src=\"https:\/\/multitel.webmaegisto.com\/wp-content\/uploads\/2023\/04\/jdl.jpg\" width=\"640\" height=\"480\"  alt=\"jdl\" loading=\"lazy\">\t\t\t\t<div class=\"jet-portfolio__image-loader\"><span><\/span><\/div>\n\n\t\t\t\t\t\t\t\t\t<div class=\"jet-portfolio__cover\"><\/div>\n\t\t\t\t\t\t\t<\/div>\n\t\t<\/a>\n\t\t<div class=\"jet-portfolio__content\">\n\t\t\t<div class=\"jet-portfolio__content-inner\"><h4 class=\"jet-portfolio__title\">jdl expo<\/h4><p class=\"jet-portfolio__desc\">Beaune<\/p><\/div>\n\t\t<\/div>\n\t<\/div>\n<\/article><\/div><\/div>\n<\/div>\t\t<\/div>\n\t\t\t\t<\/div>\n\t\t\t\t<\/div>\n\t\t<div class=\"elementor-element elementor-element-cc8557b e-con-full e-flex e-con e-parent\" data-id=\"cc8557b\" data-element_type=\"container\" data-settings=\"{&quot;jet_parallax_layout_list&quot;:[]}\">\n\t\t\t\t<div class=\"elementor-element elementor-element-c202374 elementor-widget elementor-widget-heading\" data-id=\"c202374\" data-element_type=\"widget\" data-widget_type=\"heading.default\">\n\t\t\t\t<div class=\"elementor-widget-container\">\n\t\t\t<h2 class=\"elementor-heading-title elementor-size-default\">Q3<\/h2>\t\t<\/div>\n\t\t\t\t<\/div>\n\t\t\t\t<\/div>\n\t\t\t\t\t<\/div>\n\t\t\t\t<\/div>\n\t\t<div class=\"elementor-element elementor-element-fc14a28 e-flex e-con-boxed e-con e-parent\" data-id=\"fc14a28\" data-element_type=\"container\" data-settings=\"{&quot;background_background&quot;:&quot;classic&quot;,&quot;jet_parallax_layout_list&quot;:[]}\">\n\t\t\t\t\t<div class=\"e-con-inner\">\n\t\t<div class=\"elementor-element elementor-element-77a82a2 e-con-full e-flex e-con e-parent\" data-id=\"77a82a2\" data-element_type=\"container\" data-settings=\"{&quot;jet_parallax_layout_list&quot;:[]}\">\n\t\t\t\t<\/div>\n\t\t<div class=\"elementor-element elementor-element-ad6bf3f e-con-full e-flex e-con e-parent\" data-id=\"ad6bf3f\" data-element_type=\"container\" data-settings=\"{&quot;jet_parallax_layout_list&quot;:[]}\">\n\t\t\t\t<div class=\"elementor-element elementor-element-43f737f elementor-widget elementor-widget-heading\" data-id=\"43f737f\" data-element_type=\"widget\" data-widget_type=\"heading.default\">\n\t\t\t\t<div class=\"elementor-widget-container\">\n\t\t\t<h2 class=\"elementor-heading-title elementor-size-default\">Q4<\/h2>\t\t<\/div>\n\t\t\t\t<\/div>\n\t\t\t\t<\/div>\n\t\t\t\t\t<\/div>\n\t\t\t\t<\/div>\n\t\t\t\t<\/div>\n\t\t","protected":false},"excerpt":{"rendered":"<p>Multitel Pagliero nimmt regelm\u00e4\u00dfig an den wichtigsten Messen,\u00a0Veranstaltungen und nationalen und internationalen Kongressen teil.\u00a0Es handelt sich um wichtige Gelegenheiten, um den Kunden neue Produkte und Technologien vorzustellen und mit den eigenen Erfahrungen zum Wachstum der Hubarbeitsb\u00fchnenbranche beizutragen. Multitel Pagliero nimmt regelm\u00e4\u00dfig an den wichtigsten Messen,\u00a0Veranstaltungen und nationalen und internationalen Kongressen teil.\u00a0Es handelt sich um wichtige [&hellip;]<\/p>\n","protected":false},"author":1,"featured_media":0,"parent":0,"menu_order":0,"comment_status":"closed","ping_status":"closed","template":"elementor_header_footer","meta":{"footnotes":""},"class_list":["post-9380","page","type-page","status-publish","hentry"],"acf":[],"_links":{"self":[{"href":"https:\/\/multitel.webmaegisto.com\/de\/wp-json\/wp\/v2\/pages\/9380","targetHints":{"allow":["GET"]}}],"collection":[{"href":"https:\/\/multitel.webmaegisto.com\/de\/wp-json\/wp\/v2\/pages"}],"about":[{"href":"https:\/\/multitel.webmaegisto.com\/de\/wp-json\/wp\/v2\/types\/page"}],"author":[{"embeddable":true,"href":"https:\/\/multitel.webmaegisto.com\/de\/wp-json\/wp\/v2\/users\/1"}],"replies":[{"embeddable":true,"href":"https:\/\/multitel.webmaegisto.com\/de\/wp-json\/wp\/v2\/comments?post=9380"}],"version-history":[{"count":7,"href":"https:\/\/multitel.webmaegisto.com\/de\/wp-json\/wp\/v2\/pages\/9380\/revisions"}],"predecessor-version":[{"id":9403,"href":"https:\/\/multitel.webmaegisto.com\/de\/wp-json\/wp\/v2\/pages\/9380\/revisions\/9403"}],"wp:attachment":[{"href":"https:\/\/multitel.webmaegisto.com\/de\/wp-json\/wp\/v2\/media?parent=9380"}],"curies":[{"name":"wp","href":"https:\/\/api.w.org\/{rel}","templated":true}]}}