{"id":6539,"date":"2023-03-07T17:42:05","date_gmt":"2023-03-07T16:42:05","guid":{"rendered":"https:\/\/multitel.webmaegisto.com\/lavora-con-noi\/"},"modified":"2023-08-02T15:43:46","modified_gmt":"2023-08-02T13:43:46","slug":"lavora-con-noi","status":"publish","type":"page","link":"https:\/\/multitel.webmaegisto.com\/fr\/lavora-con-noi\/","title":{"rendered":"TRAVAILLEZ AVEC NOUS"},"content":{"rendered":"\t\t<div data-elementor-type=\"wp-page\" data-elementor-id=\"6539\" class=\"elementor elementor-6539 elementor-48\" data-elementor-post-type=\"page\">\n\t\t\t\t\t\t<section class=\"elementor-section elementor-top-section elementor-element elementor-element-b402e42 elementor-section-full_width elementor-section-height-min-height elementor-hidden-tablet elementor-hidden-mobile elementor-section-height-default elementor-section-items-middle\" data-id=\"b402e42\" data-element_type=\"section\" data-settings=\"{&quot;jet_parallax_layout_list&quot;:[],&quot;background_background&quot;:&quot;classic&quot;}\">\n\t\t\t\t\t\t<div class=\"elementor-container elementor-column-gap-default\">\n\t\t\t\t\t<div class=\"elementor-column elementor-col-33 elementor-top-column elementor-element elementor-element-3e34a0e\" data-id=\"3e34a0e\" data-element_type=\"column\">\n\t\t\t<div class=\"elementor-widget-wrap elementor-element-populated\">\n\t\t\t\t\t\t<div class=\"elementor-element elementor-element-d1dda9f elementor-widget elementor-widget-text-editor\" data-id=\"d1dda9f\" data-element_type=\"widget\" data-widget_type=\"text-editor.default\">\n\t\t\t\t<div class=\"elementor-widget-container\">\n\t\t\t<style>\/*! elementor - v3.23.0 - 05-08-2024 *\/\n.elementor-widget-text-editor.elementor-drop-cap-view-stacked .elementor-drop-cap{background-color:#69727d;color:#fff}.elementor-widget-text-editor.elementor-drop-cap-view-framed .elementor-drop-cap{color:#69727d;border:3px solid;background-color:transparent}.elementor-widget-text-editor:not(.elementor-drop-cap-view-default) .elementor-drop-cap{margin-top:8px}.elementor-widget-text-editor:not(.elementor-drop-cap-view-default) .elementor-drop-cap-letter{width:1em;height:1em}.elementor-widget-text-editor .elementor-drop-cap{float:left;text-align:center;line-height:1;font-size:50px}.elementor-widget-text-editor .elementor-drop-cap-letter{display:inline-block}<\/style>\t\t\t\t<p>Venez faire partie du monde Multitel Pagliero, une r\u00e9alit\u00e9 industrielle internationale comptant plus de 110 ans d\u2019histoire. Voyez les diff\u00e9rentes positions ouvertes ou envoyez votre candidature et partagez notre mission.<\/p><p>Concevoir et fabriquer des machines toujours plus innovantes, s\u00fbres et efficientes, pour tout client devant travailler en hauteur.<\/p>\t\t\t\t\t\t<\/div>\n\t\t\t\t<\/div>\n\t\t\t\t\t<\/div>\n\t\t<\/div>\n\t\t\t\t<div class=\"elementor-column elementor-col-66 elementor-top-column elementor-element elementor-element-d167170\" data-id=\"d167170\" data-element_type=\"column\">\n\t\t\t<div class=\"elementor-widget-wrap\">\n\t\t\t\t\t\t\t<\/div>\n\t\t<\/div>\n\t\t\t\t\t<\/div>\n\t\t<\/section>\n\t\t\t\t<section class=\"elementor-section elementor-top-section elementor-element elementor-element-7cb7a54 elementor-section-full_width elementor-section-height-min-height elementor-hidden-desktop elementor-section-height-default elementor-section-items-middle\" data-id=\"7cb7a54\" data-element_type=\"section\" data-settings=\"{&quot;jet_parallax_layout_list&quot;:[],&quot;background_background&quot;:&quot;classic&quot;}\">\n\t\t\t\t\t\t<div class=\"elementor-container elementor-column-gap-default\">\n\t\t\t\t\t<div class=\"elementor-column elementor-col-100 elementor-top-column elementor-element elementor-element-e47a976\" data-id=\"e47a976\" data-element_type=\"column\">\n\t\t\t<div class=\"elementor-widget-wrap elementor-element-populated\">\n\t\t\t\t\t\t<div class=\"elementor-element elementor-element-95faac8 elementor-widget elementor-widget-text-editor\" data-id=\"95faac8\" data-element_type=\"widget\" data-widget_type=\"text-editor.default\">\n\t\t\t\t<div class=\"elementor-widget-container\">\n\t\t\t\t\t\t\t<p>Venez faire partie du monde Multitel Pagliero, une r\u00e9alit\u00e9 industrielle internationale comptant plus de 110 ans d\u2019histoire. Voyez les diff\u00e9rentes positions ouvertes ou envoyez votre candidature et partagez notre mission : Concevoir et fabriquer des machines toujours plus innovantes, s\u00fbres et efficientes, pour tout client devant travailler en hauteur.<\/p>\t\t\t\t\t\t<\/div>\n\t\t\t\t<\/div>\n\t\t\t\t\t<\/div>\n\t\t<\/div>\n\t\t\t\t\t<\/div>\n\t\t<\/section>\n\t\t\t\t<section class=\"elementor-section elementor-top-section elementor-element elementor-element-2769851 elementor-section-full_width elementor-section-height-default elementor-section-height-default\" data-id=\"2769851\" data-element_type=\"section\" data-settings=\"{&quot;jet_parallax_layout_list&quot;:[],&quot;background_background&quot;:&quot;classic&quot;}\">\n\t\t\t\t\t\t<div class=\"elementor-container elementor-column-gap-default\">\n\t\t\t\t\t<div class=\"elementor-column elementor-col-100 elementor-top-column elementor-element elementor-element-629d9b8\" data-id=\"629d9b8\" data-element_type=\"column\">\n\t\t\t<div class=\"elementor-widget-wrap elementor-element-populated\">\n\t\t\t\t\t\t<div class=\"elementor-element elementor-element-ab54cf2 brd elementor-widget elementor-widget-global elementor-global-483 elementor-widget-shortcode\" data-id=\"ab54cf2\" data-element_type=\"widget\" data-widget_type=\"shortcode.default\">\n\t\t\t\t<div class=\"elementor-widget-container\">\n\t\t\t\t\t<div class=\"elementor-shortcode\"><nav aria-label=\"breadcrumbs\" class=\"rank-math-breadcrumb\"><p><span class=\"last\">Home<\/span><\/p><\/nav><\/div>\n\t\t\t\t<\/div>\n\t\t\t\t<\/div>\n\t\t\t\t\t<\/div>\n\t\t<\/div>\n\t\t\t\t\t<\/div>\n\t\t<\/section>\n\t\t\t\t<section class=\"elementor-section elementor-top-section elementor-element elementor-element-3d1ce21 elementor-section-full_width elementor-section-height-default elementor-section-height-default\" data-id=\"3d1ce21\" data-element_type=\"section\" data-settings=\"{&quot;jet_parallax_layout_list&quot;:[]}\">\n\t\t\t\t\t\t<div class=\"elementor-container elementor-column-gap-default\">\n\t\t\t\t\t<div class=\"elementor-column elementor-col-50 elementor-top-column elementor-element elementor-element-8321aa4\" data-id=\"8321aa4\" data-element_type=\"column\" data-settings=\"{&quot;background_background&quot;:&quot;slideshow&quot;,&quot;background_slideshow_gallery&quot;:[{&quot;id&quot;:2344,&quot;url&quot;:&quot;https:\\\/\\\/multitel.webmaegisto.com\\\/wp-content\\\/uploads\\\/2023\\\/03\\\/Job-opp-01.jpg&quot;},{&quot;id&quot;:2345,&quot;url&quot;:&quot;https:\\\/\\\/multitel.webmaegisto.com\\\/wp-content\\\/uploads\\\/2023\\\/03\\\/Job-opp-08.jpg&quot;},{&quot;id&quot;:2346,&quot;url&quot;:&quot;https:\\\/\\\/multitel.webmaegisto.com\\\/wp-content\\\/uploads\\\/2023\\\/03\\\/Job-opp-07.jpg&quot;},{&quot;id&quot;:2347,&quot;url&quot;:&quot;https:\\\/\\\/multitel.webmaegisto.com\\\/wp-content\\\/uploads\\\/2023\\\/03\\\/Job-opp-06.jpg&quot;},{&quot;id&quot;:2348,&quot;url&quot;:&quot;https:\\\/\\\/multitel.webmaegisto.com\\\/wp-content\\\/uploads\\\/2023\\\/03\\\/Job-opp-04.jpg&quot;}],&quot;background_slideshow_loop&quot;:&quot;yes&quot;,&quot;background_slideshow_slide_duration&quot;:5000,&quot;background_slideshow_slide_transition&quot;:&quot;fade&quot;,&quot;background_slideshow_transition_duration&quot;:500}\">\n\t\t\t<div class=\"elementor-widget-wrap elementor-element-populated\">\n\t\t\t\t\t\t<div class=\"elementor-element elementor-element-1192854 elementor-widget elementor-widget-spacer\" data-id=\"1192854\" data-element_type=\"widget\" data-widget_type=\"spacer.default\">\n\t\t\t\t<div class=\"elementor-widget-container\">\n\t\t\t<style>\/*! elementor - v3.23.0 - 05-08-2024 *\/\n.elementor-column .elementor-spacer-inner{height:var(--spacer-size)}.e-con{--container-widget-width:100%}.e-con-inner>.elementor-widget-spacer,.e-con>.elementor-widget-spacer{width:var(--container-widget-width,var(--spacer-size));--align-self:var(--container-widget-align-self,initial);--flex-shrink:0}.e-con-inner>.elementor-widget-spacer>.elementor-widget-container,.e-con>.elementor-widget-spacer>.elementor-widget-container{height:100%;width:100%}.e-con-inner>.elementor-widget-spacer>.elementor-widget-container>.elementor-spacer,.e-con>.elementor-widget-spacer>.elementor-widget-container>.elementor-spacer{height:100%}.e-con-inner>.elementor-widget-spacer>.elementor-widget-container>.elementor-spacer>.elementor-spacer-inner,.e-con>.elementor-widget-spacer>.elementor-widget-container>.elementor-spacer>.elementor-spacer-inner{height:var(--container-widget-height,var(--spacer-size))}.e-con-inner>.elementor-widget-spacer.elementor-widget-empty,.e-con>.elementor-widget-spacer.elementor-widget-empty{position:relative;min-height:22px;min-width:22px}.e-con-inner>.elementor-widget-spacer.elementor-widget-empty .elementor-widget-empty-icon,.e-con>.elementor-widget-spacer.elementor-widget-empty .elementor-widget-empty-icon{position:absolute;top:0;bottom:0;left:0;right:0;margin:auto;padding:0;width:22px;height:22px}<\/style>\t\t<div class=\"elementor-spacer\">\n\t\t\t<div class=\"elementor-spacer-inner\"><\/div>\n\t\t<\/div>\n\t\t\t\t<\/div>\n\t\t\t\t<\/div>\n\t\t\t\t\t<\/div>\n\t\t<\/div>\n\t\t\t\t<div class=\"elementor-column elementor-col-50 elementor-top-column elementor-element elementor-element-3dbaae0\" data-id=\"3dbaae0\" data-element_type=\"column\">\n\t\t\t<div class=\"elementor-widget-wrap elementor-element-populated\">\n\t\t\t\t\t\t<div class=\"elementor-element elementor-element-d9f338e elementor-widget elementor-widget-heading\" data-id=\"d9f338e\" data-element_type=\"widget\" data-widget_type=\"heading.default\">\n\t\t\t\t<div class=\"elementor-widget-container\">\n\t\t\t<style>\/*! elementor - v3.23.0 - 05-08-2024 *\/\n.elementor-heading-title{padding:0;margin:0;line-height:1}.elementor-widget-heading .elementor-heading-title[class*=elementor-size-]>a{color:inherit;font-size:inherit;line-height:inherit}.elementor-widget-heading .elementor-heading-title.elementor-size-small{font-size:15px}.elementor-widget-heading .elementor-heading-title.elementor-size-medium{font-size:19px}.elementor-widget-heading .elementor-heading-title.elementor-size-large{font-size:29px}.elementor-widget-heading .elementor-heading-title.elementor-size-xl{font-size:39px}.elementor-widget-heading .elementor-heading-title.elementor-size-xxl{font-size:59px}<\/style><h2 class=\"elementor-heading-title elementor-size-default\"><b>POURQUOI<\/b>  <strong>CHOISIR MULTITEL ?<\/strong><\/h2>\t\t<\/div>\n\t\t\t\t<\/div>\n\t\t\t\t<div class=\"elementor-element elementor-element-a066b87 elementor-widget elementor-widget-text-editor\" data-id=\"a066b87\" data-element_type=\"widget\" data-widget_type=\"text-editor.default\">\n\t\t\t\t<div class=\"elementor-widget-container\">\n\t\t\t\t\t\t\t<p>Vous trouverez un environnement ax\u00e9 sur la personne, sur sa croissance et sur sa s\u00e9curit\u00e9 professionnelle, avec, pour tous les salari\u00e9s, les m\u00eames opportunit\u00e9s, des programmes de formation et des salaires concurrentiels.<\/p><p>Une entreprise en croissance constante, qui investit dans la recherche et dans les nouvelles technologies ; un environnement stimulant et dynamique dans lequel d\u00e9velopper de nouvelles comp\u00e9tences et grandir \u00e0 la fois comme professionnel et comme personne.<\/p><p>Rejoignez-nous, vous grandirez et nous grandirons ensemble.<\/p>\t\t\t\t\t\t<\/div>\n\t\t\t\t<\/div>\n\t\t\t\t\t<\/div>\n\t\t<\/div>\n\t\t\t\t\t<\/div>\n\t\t<\/section>\n\t\t<div class=\"elementor-element elementor-element-803eaa1 e-flex e-con-boxed e-con e-parent\" data-id=\"803eaa1\" data-element_type=\"container\" data-settings=\"{&quot;background_background&quot;:&quot;classic&quot;,&quot;jet_parallax_layout_list&quot;:[]}\">\n\t\t\t\t\t<div class=\"e-con-inner\">\n\t\t\t\t<div class=\"elementor-element elementor-element-d741147 elementor-widget elementor-widget-heading\" data-id=\"d741147\" data-element_type=\"widget\" data-widget_type=\"heading.default\">\n\t\t\t\t<div class=\"elementor-widget-container\">\n\t\t\t<h2 class=\"elementor-heading-title elementor-size-default\">POSITIONS <strong>OUVERTES<\/strong><\/h2>\t\t<\/div>\n\t\t\t\t<\/div>\n\t\t\t\t<div class=\"elementor-element elementor-element-526a78c elementor-grid-1 elementor-posts--thumbnail-left elementor-grid-tablet-1 elementor-hidden-mobile elementor-grid-mobile-1 elementor-widget elementor-widget-posts\" data-id=\"526a78c\" data-element_type=\"widget\" data-settings=\"{&quot;classic_columns&quot;:&quot;1&quot;,&quot;classic_columns_tablet&quot;:&quot;1&quot;,&quot;classic_row_gap_tablet&quot;:{&quot;unit&quot;:&quot;px&quot;,&quot;size&quot;:69,&quot;sizes&quot;:[]},&quot;classic_columns_mobile&quot;:&quot;1&quot;,&quot;classic_row_gap&quot;:{&quot;unit&quot;:&quot;px&quot;,&quot;size&quot;:35,&quot;sizes&quot;:[]},&quot;classic_row_gap_mobile&quot;:{&quot;unit&quot;:&quot;px&quot;,&quot;size&quot;:&quot;&quot;,&quot;sizes&quot;:[]}}\" data-widget_type=\"posts.classic\">\n\t\t\t\t<div class=\"elementor-widget-container\">\n\t\t\t<link rel=\"stylesheet\" href=\"https:\/\/multitel.webmaegisto.com\/wp-content\/plugins\/elementor-pro\/assets\/css\/widget-posts.min.css\">\t\t<div class=\"elementor-posts-container elementor-posts elementor-posts--skin-classic elementor-grid\">\n\t\t\t\t<article class=\"elementor-post elementor-grid-item post-8463 posizione_aperta type-posizione_aperta status-publish has-post-thumbnail hentry\">\n\t\t\t\t<a class=\"elementor-post__thumbnail__link\" href=\"https:\/\/multitel.webmaegisto.com\/fr\/posizione-aperta\/candidature-spontanee\/\" tabindex=\"-1\" >\n\t\t\t<div class=\"elementor-post__thumbnail\"><img fetchpriority=\"high\" decoding=\"async\" width=\"1366\" height=\"768\" src=\"https:\/\/multitel.webmaegisto.com\/wp-content\/uploads\/2023\/04\/candidatura-spontanea-1.jpg\" class=\"attachment-full size-full wp-image-4205\" alt=\"\" srcset=\"https:\/\/multitel.webmaegisto.com\/wp-content\/uploads\/2023\/04\/candidatura-spontanea-1.jpg 1366w, https:\/\/multitel.webmaegisto.com\/wp-content\/uploads\/2023\/04\/candidatura-spontanea-1-300x169.jpg 300w, https:\/\/multitel.webmaegisto.com\/wp-content\/uploads\/2023\/04\/candidatura-spontanea-1-1024x576.jpg 1024w, https:\/\/multitel.webmaegisto.com\/wp-content\/uploads\/2023\/04\/candidatura-spontanea-1-768x432.jpg 768w, https:\/\/multitel.webmaegisto.com\/wp-content\/uploads\/2023\/04\/candidatura-spontanea-1-1200x675.jpg 1200w\" sizes=\"(max-width: 1366px) 100vw, 1366px\" \/><\/div>\n\t\t<\/a>\n\t\t\t\t<div class=\"elementor-post__text\">\n\t\t\t\t<h3 class=\"elementor-post__title\">\n\t\t\t<a href=\"https:\/\/multitel.webmaegisto.com\/fr\/posizione-aperta\/candidature-spontanee\/\" >\n\t\t\t\tCandidature spontan\u00e9e\t\t\t<\/a>\n\t\t<\/h3>\n\t\t\t\t<div class=\"elementor-post__excerpt\">\n\t\t\t<p>Venez faire partie du monde Multitel Pagliero, une r\u00e9alit\u00e9 industrielle internationale o\u00f9 vous trouverez un environnement ax\u00e9 sur la personne, sur sa croissance et sur sa s\u00e9curit\u00e9 professionnelle.<\/p>\n\t\t<\/div>\n\t\t\n\t\t<a class=\"elementor-post__read-more\" href=\"https:\/\/multitel.webmaegisto.com\/fr\/posizione-aperta\/candidature-spontanee\/\" aria-label=\"En savoir plus sur Candidature spontan\u00e9e\" tabindex=\"-1\" >\n\t\t\tPOSEZ VOTRE CANDIDATURE\u00bb\t\t<\/a>\n\n\t\t\t\t<\/div>\n\t\t\t\t<\/article>\n\t\t\t\t<\/div>\n\t\t\n\t\t\t\t<\/div>\n\t\t\t\t<\/div>\n\t\t\t\t<div class=\"elementor-element elementor-element-6c78605 elementor-grid-1 elementor-grid-tablet-1 elementor-hidden-desktop elementor-hidden-tablet elementor-grid-mobile-1 elementor-posts--thumbnail-top elementor-widget elementor-widget-posts\" data-id=\"6c78605\" data-element_type=\"widget\" data-settings=\"{&quot;classic_columns&quot;:&quot;1&quot;,&quot;classic_columns_tablet&quot;:&quot;1&quot;,&quot;classic_row_gap_tablet&quot;:{&quot;unit&quot;:&quot;px&quot;,&quot;size&quot;:69,&quot;sizes&quot;:[]},&quot;classic_columns_mobile&quot;:&quot;1&quot;,&quot;classic_row_gap&quot;:{&quot;unit&quot;:&quot;px&quot;,&quot;size&quot;:35,&quot;sizes&quot;:[]},&quot;classic_row_gap_mobile&quot;:{&quot;unit&quot;:&quot;px&quot;,&quot;size&quot;:&quot;&quot;,&quot;sizes&quot;:[]}}\" data-widget_type=\"posts.classic\">\n\t\t\t\t<div class=\"elementor-widget-container\">\n\t\t\t\t\t<div class=\"elementor-posts-container elementor-posts elementor-posts--skin-classic elementor-grid\">\n\t\t\t\t<article class=\"elementor-post elementor-grid-item post-8463 posizione_aperta type-posizione_aperta status-publish has-post-thumbnail hentry\">\n\t\t\t\t<a class=\"elementor-post__thumbnail__link\" href=\"https:\/\/multitel.webmaegisto.com\/fr\/posizione-aperta\/candidature-spontanee\/\" tabindex=\"-1\" >\n\t\t\t<div class=\"elementor-post__thumbnail\"><img fetchpriority=\"high\" decoding=\"async\" width=\"1366\" height=\"768\" src=\"https:\/\/multitel.webmaegisto.com\/wp-content\/uploads\/2023\/04\/candidatura-spontanea-1.jpg\" class=\"attachment-full size-full wp-image-4205\" alt=\"\" srcset=\"https:\/\/multitel.webmaegisto.com\/wp-content\/uploads\/2023\/04\/candidatura-spontanea-1.jpg 1366w, https:\/\/multitel.webmaegisto.com\/wp-content\/uploads\/2023\/04\/candidatura-spontanea-1-300x169.jpg 300w, https:\/\/multitel.webmaegisto.com\/wp-content\/uploads\/2023\/04\/candidatura-spontanea-1-1024x576.jpg 1024w, https:\/\/multitel.webmaegisto.com\/wp-content\/uploads\/2023\/04\/candidatura-spontanea-1-768x432.jpg 768w, https:\/\/multitel.webmaegisto.com\/wp-content\/uploads\/2023\/04\/candidatura-spontanea-1-1200x675.jpg 1200w\" sizes=\"(max-width: 1366px) 100vw, 1366px\" \/><\/div>\n\t\t<\/a>\n\t\t\t\t<div class=\"elementor-post__text\">\n\t\t\t\t<h3 class=\"elementor-post__title\">\n\t\t\t<a href=\"https:\/\/multitel.webmaegisto.com\/fr\/posizione-aperta\/candidature-spontanee\/\" >\n\t\t\t\tCandidature spontan\u00e9e\t\t\t<\/a>\n\t\t<\/h3>\n\t\t\t\t<div class=\"elementor-post__excerpt\">\n\t\t\t<p>Venez faire partie du monde Multitel Pagliero, une r\u00e9alit\u00e9 industrielle internationale o\u00f9 vous trouverez un environnement ax\u00e9 sur la personne, sur sa croissance et sur sa s\u00e9curit\u00e9 professionnelle.<\/p>\n\t\t<\/div>\n\t\t\n\t\t<a class=\"elementor-post__read-more\" href=\"https:\/\/multitel.webmaegisto.com\/fr\/posizione-aperta\/candidature-spontanee\/\" aria-label=\"En savoir plus sur Candidature spontan\u00e9e\" tabindex=\"-1\" >\n\t\t\tPOSEZ VOTRE CANDIDATURE \u00bb\t\t<\/a>\n\n\t\t\t\t<\/div>\n\t\t\t\t<\/article>\n\t\t\t\t<\/div>\n\t\t\n\t\t\t\t<\/div>\n\t\t\t\t<\/div>\n\t\t\t\t\t<\/div>\n\t\t\t\t<\/div>\n\t\t\t\t<\/div>\n\t\t","protected":false},"excerpt":{"rendered":"<p>Venez faire partie du monde Multitel Pagliero, une r\u00e9alit\u00e9 industrielle internationale comptant plus de 110 ans d\u2019histoire. Voyez les diff\u00e9rentes positions ouvertes ou envoyez votre candidature et partagez notre mission. Concevoir et fabriquer des machines toujours plus innovantes, s\u00fbres et efficientes, pour tout client devant travailler en hauteur. Venez faire partie du monde Multitel Pagliero, [&hellip;]<\/p>\n","protected":false},"author":1,"featured_media":0,"parent":0,"menu_order":0,"comment_status":"closed","ping_status":"closed","template":"elementor_header_footer","meta":{"footnotes":""},"class_list":["post-6539","page","type-page","status-publish","hentry"],"acf":[],"_links":{"self":[{"href":"https:\/\/multitel.webmaegisto.com\/fr\/wp-json\/wp\/v2\/pages\/6539","targetHints":{"allow":["GET"]}}],"collection":[{"href":"https:\/\/multitel.webmaegisto.com\/fr\/wp-json\/wp\/v2\/pages"}],"about":[{"href":"https:\/\/multitel.webmaegisto.com\/fr\/wp-json\/wp\/v2\/types\/page"}],"author":[{"embeddable":true,"href":"https:\/\/multitel.webmaegisto.com\/fr\/wp-json\/wp\/v2\/users\/1"}],"replies":[{"embeddable":true,"href":"https:\/\/multitel.webmaegisto.com\/fr\/wp-json\/wp\/v2\/comments?post=6539"}],"version-history":[{"count":22,"href":"https:\/\/multitel.webmaegisto.com\/fr\/wp-json\/wp\/v2\/pages\/6539\/revisions"}],"predecessor-version":[{"id":8994,"href":"https:\/\/multitel.webmaegisto.com\/fr\/wp-json\/wp\/v2\/pages\/6539\/revisions\/8994"}],"wp:attachment":[{"href":"https:\/\/multitel.webmaegisto.com\/fr\/wp-json\/wp\/v2\/media?parent=6539"}],"curies":[{"name":"wp","href":"https:\/\/api.w.org\/{rel}","templated":true}]}}